{"id":10,"date":"2025-11-11T20:40:20","date_gmt":"2025-11-11T20:40:20","guid":{"rendered":"https:\/\/fundacionportodosmishermanos.org.bo\/?page_id=10"},"modified":"2026-03-26T23:29:37","modified_gmt":"2026-03-27T03:29:37","slug":"nosotros","status":"publish","type":"page","link":"https:\/\/fundacionportodosmishermanos.org.bo\/en\/nosotros\/","title":{"rendered":"About"},"content":{"rendered":"<p>[et_pb_section fb_built=\u00bb1&#8243; admin_label=\u00bbHeader &#038; Video\u00bb _builder_version=\u00bb4.25.2&#8243; _module_preset=\u00bbf16285d6-deb0-4573-b913-ff25a4808606&#8243; custom_margin=\u00bb||||false|false\u00bb da_disable_devices=\u00bboff|off|off\u00bb locked=\u00bboff\u00bb collapsed=\u00bboff\u00bb global_colors_info=\u00bb{%22gcid-1f1bf5fb-a99d-4acc-8d9e-ddac074c158c%22:%91%22background_color_gradient_stops%22%93,%22gcid-a78660e1-cfc7-4771-a566-6834d6a7f06a%22:%91%22background_color_gradient_stops%22%93,%22gcid-24b0db87-dafa-47d9-995f-b90181e18c52%22:%91%22background_color_gradient_stops%22%93}\u00bb da_is_popup=\u00bboff\u00bb da_exit_intent=\u00bboff\u00bb da_has_close=\u00bbon\u00bb da_alt_close=\u00bboff\u00bb da_dark_close=\u00bboff\u00bb da_not_modal=\u00bbon\u00bb da_is_singular=\u00bboff\u00bb da_with_loader=\u00bboff\u00bb da_has_shadow=\u00bbon\u00bb][et_pb_row _builder_version=\u00bb4.25.1&#8243; _module_preset=\u00bbdefault\u00bb global_colors_info=\u00bb{}\u00bb][et_pb_column type=\u00bb4_4&#8243; _builder_version=\u00bb4.25.1&#8243; _module_preset=\u00bbdefault\u00bb global_colors_info=\u00bb{}\u00bb][et_pb_heading title=\u00bbNosotros\u00bb _builder_version=\u00bb4.27.6&#8243; _module_preset=\u00bbeace0c69-ced1-43b0-9c79-62bac3c3357d\u00bb title_text_align=\u00bbcenter\u00bb title_text_color=\u00bb#000000&#8243; custom_margin=\u00bb||10px||false|false\u00bb global_colors_info=\u00bb{}\u00bb][\/et_pb_heading][et_pb_text _builder_version=\u00bb4.27.6&#8243; _module_preset=\u00bbf2a3a5d4-7688-4d6d-956e-09bfa478661a\u00bb text_text_color=\u00bb#000000&#8243; text_font_size=\u00bb18px\u00bb header_text_color=\u00bb#000000&#8243; text_orientation=\u00bbjustified\u00bb global_colors_info=\u00bb{}\u00bb]<\/p>\n<h3 data-start=\"5140\" data-end=\"5160\"><span style=\"color: #000000;\"><strong data-start=\"5143\" data-end=\"5160\">Qui\u00e9nes Somos<\/strong><\/span><\/h3>\n<p data-start=\"5162\" data-end=\"5517\">La Fundaci\u00f3n <strong data-start=\"5175\" data-end=\"5201\">Por Todos Mis Hermanos<\/strong> es una entidad privada, de inter\u00e9s p\u00fablico y sin fines de lucro, creada en Cochabamba el 26 de noviembre de 2025.<\/p>\n<p data-start=\"5162\" data-end=\"5517\">Nuestra labor est\u00e1 enfocada en promover la salud y el bienestar de personas de escasos recursos que enfrentan enfermedades graves, cr\u00f3nicas o discapacitantes.<\/p>\n<p data-start=\"5519\" data-end=\"5737\">Nos especializamos en apoyar pacientes con <strong data-start=\"5562\" data-end=\"5572\">c\u00e1ncer<\/strong>, enfermedades incurables, trastornos f\u00edsicos, problemas de movilidad, adultos mayores y personas que requieren tratamiento m\u00e9dico urgente o acompa\u00f1amiento integral.<\/p>\n<p data-start=\"5739\" data-end=\"5857\">Tambi\u00e9n impulsamos la investigaci\u00f3n, educaci\u00f3n para la salud y programas preventivos en comunidades urbanas y rurales.<\/p>\n<p>[\/et_pb_text][et_pb_video src=\u00bbhttps:\/\/fundacionportodosmishermanos.org.bo\/wp-content\/uploads\/2025\/12\/6011431-uhd_3840_2160_25fps.mp4&#8243; image_src=\u00bbhttps:\/\/fundacionportodosmishermanos.org.bo\/wp-content\/uploads\/2025\/12\/grupo-de-jovenes-trabajando-juntos-en-la-oficina-scaled.jpg\u00bb _builder_version=\u00bb4.27.4&#8243; _module_preset=\u00bb70842874-2c54-45cb-9824-b33a20e81dcb\u00bb locked=\u00bboff\u00bb global_colors_info=\u00bb{}\u00bb][\/et_pb_video][\/et_pb_column][\/et_pb_row][et_pb_row column_structure=\u00bb1_2,1_2&#8243; _builder_version=\u00bb4.27.4&#8243; _module_preset=\u00bbdefault\u00bb global_colors_info=\u00bb{}\u00bb][et_pb_column type=\u00bb1_2&#8243; _builder_version=\u00bb4.27.4&#8243; _module_preset=\u00bbdefault\u00bb global_colors_info=\u00bb{}\u00bb][et_pb_text _builder_version=\u00bb4.27.6&#8243; _module_preset=\u00bbf2a3a5d4-7688-4d6d-956e-09bfa478661a\u00bb text_text_color=\u00bb#000000&#8243; header_text_align=\u00bbjustify\u00bb header_text_color=\u00bb#000000&#8243; text_orientation=\u00bbjustified\u00bb global_colors_info=\u00bb{}\u00bb]<\/p>\n<h2 data-start=\"5864\" data-end=\"5887\"><span style=\"color: #000000;\"><strong data-start=\"5867\" data-end=\"5885\">Nuestra Misi\u00f3n<\/strong><\/span><\/h2>\n<p data-start=\"5888\" data-end=\"6084\">Mejorar la salud y la calidad de vida de pacientes vulnerables en Cochabamba, gestionando tratamientos, cirug\u00edas, apoyo psicol\u00f3gico y acompa\u00f1amiento familiar durante todo el proceso de enfermedad.<\/p>\n<p>[\/et_pb_text][et_pb_text _builder_version=\u00bb4.27.6&#8243; _module_preset=\u00bbf2a3a5d4-7688-4d6d-956e-09bfa478661a\u00bb global_colors_info=\u00bb{}\u00bb]<\/p>\n<h2 data-start=\"6352\" data-end=\"6417\"><span style=\"color: #000000;\"><strong data-start=\"6355\" data-end=\"6377\">Nuestro Directorio<\/strong><\/span><\/h2>\n<ul data-start=\"6418\" data-end=\"6622\">\n<li data-start=\"6418\" data-end=\"6466\" style=\"color: #000000;\">\n<p data-start=\"6420\" data-end=\"6466\"><span style=\"color: #000000;\"><strong data-start=\"6420\" data-end=\"6435\">Presidente:<\/strong> Lic. Msc. Mitchell Farit Veizaga Sejas<\/span><\/p>\n<\/li>\n<li data-start=\"6467\" data-end=\"6514\" style=\"color: #000000;\">\n<p data-start=\"6469\" data-end=\"6514\"><span style=\"color: #000000;\"><strong data-start=\"6469\" data-end=\"6488\">Vicepresidente:<\/strong> Dr. Juan Paul Mu\u00f1oz Veizaga<\/span><\/p>\n<\/li>\n<li data-start=\"6515\" data-end=\"6567\" style=\"color: #000000;\">\n<p data-start=\"6517\" data-end=\"6567\"><span style=\"color: #000000;\"><strong data-start=\"6517\" data-end=\"6541\">Secretario de Actas:<\/strong> Lic. Fabricio Orosco Veizaga<\/span><\/p>\n<\/li>\n<li data-start=\"6568\" data-end=\"6622\" style=\"color: #000000;\">\n<p data-start=\"6570\" data-end=\"6622\"><span style=\"color: #000000;\"><strong data-start=\"6570\" data-end=\"6597\">Secretaria de Hacienda:<\/strong> Ana Laura Soliz Sardan<\/span><\/p>\n<\/li>\n<\/ul>\n<p>[\/et_pb_text][\/et_pb_column][et_pb_column type=\u00bb1_2&#8243; _builder_version=\u00bb4.27.4&#8243; _module_preset=\u00bbdefault\u00bb global_colors_info=\u00bb{}\u00bb][et_pb_text _builder_version=\u00bb4.27.6&#8243; _module_preset=\u00bbf2a3a5d4-7688-4d6d-956e-09bfa478661a\u00bb global_colors_info=\u00bb{}\u00bb]<\/p>\n<h2 data-start=\"6091\" data-end=\"6114\"><span style=\"color: #000000;\"><strong data-start=\"6094\" data-end=\"6112\">Nuestra Visi\u00f3n<\/strong><\/span><\/h2>\n<p data-start=\"6115\" data-end=\"6235\"><span style=\"color: #000000;\">Construir una sociedad m\u00e1s solidaria donde cada persona tenga acceso a salud digna, sin importar su situaci\u00f3n econ\u00f3mica.<\/span><\/p>\n<p data-start=\"6115\" data-end=\"6235\"><span style=\"color: #000000;\"><\/span><\/p>\n<p data-start=\"6115\" data-end=\"6235\"><span style=\"color: #000000;\"><\/span><\/p>\n<p data-start=\"6115\" data-end=\"6235\"><span style=\"color: #000000;\"><\/span><\/p>\n<p>[\/et_pb_text][et_pb_text _builder_version=\u00bb4.27.6&#8243; _module_preset=\u00bbf2a3a5d4-7688-4d6d-956e-09bfa478661a\u00bb global_colors_info=\u00bb{}\u00bb]<\/p>\n<h2 data-start=\"6242\" data-end=\"6258\"><span style=\"color: #000000;\"><strong data-start=\"6245\" data-end=\"6256\">Valores<\/strong><\/span><\/h2>\n<ul data-start=\"6259\" data-end=\"6345\">\n<li data-start=\"6259\" data-end=\"6274\" style=\"color: #000000;\">\n<p data-start=\"6261\" data-end=\"6274\"><span style=\"color: #000000;\">Solidaridad<\/span><\/p>\n<\/li>\n<li data-start=\"6275\" data-end=\"6288\" style=\"color: #000000;\">\n<p data-start=\"6277\" data-end=\"6288\"><span style=\"color: #000000;\">Humanidad<\/span><\/p>\n<\/li>\n<li data-start=\"6289\" data-end=\"6306\" style=\"color: #000000;\">\n<p data-start=\"6291\" data-end=\"6306\"><span style=\"color: #000000;\">Transparencia<\/span><\/p>\n<\/li>\n<li data-start=\"6307\" data-end=\"6331\" style=\"color: #000000;\">\n<p data-start=\"6309\" data-end=\"6331\"><span style=\"color: #000000;\">Vocaci\u00f3n de servicio<\/span><\/p>\n<\/li>\n<li data-start=\"6332\" data-end=\"6345\" style=\"color: #000000;\">\n<p data-start=\"6334\" data-end=\"6345\"><span style=\"color: #000000;\">Inclusi\u00f3n<\/span><\/p>\n<\/li>\n<\/ul>\n<p>[\/et_pb_text][\/et_pb_column][\/et_pb_row][\/et_pb_section][et_pb_section fb_built=\u00bb1&#8243; admin_label=\u00bbFeatures\u00bb _builder_version=\u00bb4.27.6&#8243; _module_preset=\u00bb41d0117d-66b4-4f1a-a048-3fef56088b59&#8243; background_color=\u00bb#FFFFFF\u00bb da_disable_devices=\u00bboff|off|off\u00bb locked=\u00bboff\u00bb collapsed=\u00bbon\u00bb da_is_popup=\u00bboff\u00bb da_exit_intent=\u00bboff\u00bb da_has_close=\u00bbon\u00bb da_alt_close=\u00bboff\u00bb da_dark_close=\u00bboff\u00bb da_not_modal=\u00bbon\u00bb da_is_singular=\u00bboff\u00bb da_with_loader=\u00bboff\u00bb da_has_shadow=\u00bbon\u00bb][et_pb_row _builder_version=\u00bb4.25.1&#8243; _module_preset=\u00bbdefault\u00bb global_colors_info=\u00bb{}\u00bb][et_pb_column type=\u00bb4_4&#8243; _builder_version=\u00bb4.25.1&#8243; _module_preset=\u00bbdefault\u00bb global_colors_info=\u00bb{}\u00bb][et_pb_heading title=\u00bbCreemos en un trabajo colaborativo\u00bb _builder_version=\u00bb4.27.4&#8243; _module_preset=\u00bb07b11a23-13c9-4618-857e-1f21273b9522&#8243; title_text_align=\u00bbcenter\u00bb custom_margin=\u00bb||10px||false|false\u00bb global_colors_info=\u00bb{}\u00bb][\/et_pb_heading][\/et_pb_column][\/et_pb_row][et_pb_row column_structure=\u00bb1_3,1_3,1_3&#8243; _builder_version=\u00bb4.27.4&#8243; _module_preset=\u00bbdefault\u00bb global_colors_info=\u00bb{}\u00bb][et_pb_column type=\u00bb1_3&#8243; _builder_version=\u00bb4.25.2&#8243; _module_preset=\u00bbdefault\u00bb global_colors_info=\u00bb{}\u00bb][et_pb_blurb title=\u00bbAtenci\u00f3n M\u00e9dica Especializada\u00bb use_icon=\u00bbon\u00bb font_icon=\u00bb&#x5a;||divi||400&#8243; icon_color=\u00bb#FFFFFF\u00bb _builder_version=\u00bb4.27.4&#8243; _module_preset=\u00bb410f9a84-a151-4b17-91d1-703ed5c01b51&#8243; background_color=\u00bbgcid-1f1b4e15-7cc6-4e13-8154-74d77a956460&#8243; text_orientation=\u00bbcenter\u00bb global_colors_info=\u00bb{%22gcid-d7cd5a78-aaef-4f36-82a3-4d3706015cba%22:%91%22link_text_color%22,%22link_text_color%22%93,%22gcid-1f1b4e15-7cc6-4e13-8154-74d77a956460%22:%91%22link_text_color%22,%22quote_text_color%22,%22quote_border_color%22,%22background_color%22%93}\u00bb]<\/p>\n<p>Brindamos diagn\u00f3sticos, tratamientos y seguimiento a personas con lesiones f\u00edsicas, fracturas o problemas articulares, priorizando a quienes no pueden acceder a la atenci\u00f3n privada.<\/p>\n<p>[\/et_pb_blurb][\/et_pb_column][et_pb_column type=\u00bb1_3&#8243; _builder_version=\u00bb4.25.2&#8243; _module_preset=\u00bbdefault\u00bb global_colors_info=\u00bb{}\u00bb][et_pb_blurb title=\u00bbRehabilitaci\u00f3n y Movilida\u00bb use_icon=\u00bbon\u00bb font_icon=\u00bb&#xf6ec;||fa||900&#8243; icon_color=\u00bb#FFFFFF\u00bb _builder_version=\u00bb4.27.6&#8243; _module_preset=\u00bb410f9a84-a151-4b17-91d1-703ed5c01b51&#8243; background_color=\u00bbgcid-4c79ba3d-a281-4fb6-9b14-02f9a4c793f2&#8243; text_orientation=\u00bbcenter\u00bb locked=\u00bboff\u00bb global_colors_info=\u00bb{%22gcid-d7cd5a78-aaef-4f36-82a3-4d3706015cba%22:%91%22link_text_color%22,%22link_text_color%22%93,%22gcid-1f1b4e15-7cc6-4e13-8154-74d77a956460%22:%91%22link_text_color%22,%22quote_text_color%22,%22quote_border_color%22,%22link_text_color%22,%22quote_text_color%22,%22quote_border_color%22%93,%22gcid-4c79ba3d-a281-4fb6-9b14-02f9a4c793f2%22:%91%22background_color%22%93}\u00bb]<\/p>\n<p>Acompa\u00f1amos el proceso de recuperaci\u00f3n mediante terapias f\u00edsicas, ejercicios funcionales y la entrega de ayudas t\u00e9cnicas como muletas, f\u00e9rulas y sillas de ruedas.<\/p>\n<p>[\/et_pb_blurb][\/et_pb_column][et_pb_column type=\u00bb1_3&#8243; _builder_version=\u00bb4.25.2&#8243; _module_preset=\u00bbdefault\u00bb global_colors_info=\u00bb{}\u00bb][et_pb_blurb title=\u00bbEducaci\u00f3n y Prevenci\u00f3n\u00bb use_icon=\u00bbon\u00bb font_icon=\u00bb&#xf0fe;||fa||400&#8243; icon_color=\u00bb#FFFFFF\u00bb _builder_version=\u00bb4.27.4&#8243; _module_preset=\u00bb410f9a84-a151-4b17-91d1-703ed5c01b51&#8243; text_orientation=\u00bbcenter\u00bb locked=\u00bboff\u00bb global_colors_info=\u00bb{}\u00bb]<\/p>\n<p>Realizamos talleres sobre concientizacion, prevenci\u00f3n de accidentes, ergonom\u00eda, primeros auxilios, reaccion temprana y cuidado de la movilidad, fortaleciendo a familias y comunidades.<\/p>\n<p>[\/et_pb_blurb][\/et_pb_column][\/et_pb_row][\/et_pb_section][et_pb_section fb_built=\u00bb1&#8243; admin_label=\u00bbCall to Action\u00bb _builder_version=\u00bb4.25.1&#8243; _module_preset=\u00bb41d0117d-66b4-4f1a-a048-3fef56088b59&#8243; da_disable_devices=\u00bboff|off|off\u00bb locked=\u00bboff\u00bb collapsed=\u00bbon\u00bb global_colors_info=\u00bb{}\u00bb da_is_popup=\u00bboff\u00bb da_exit_intent=\u00bboff\u00bb da_has_close=\u00bbon\u00bb da_alt_close=\u00bboff\u00bb da_dark_close=\u00bboff\u00bb da_not_modal=\u00bbon\u00bb da_is_singular=\u00bboff\u00bb da_with_loader=\u00bboff\u00bb da_has_shadow=\u00bbon\u00bb][et_pb_row column_structure=\u00bb1_2,1_2&#8243; _builder_version=\u00bb4.25.1&#8243; _module_preset=\u00bbdefault\u00bb locked=\u00bboff\u00bb global_colors_info=\u00bb{}\u00bb][et_pb_column type=\u00bb1_2&#8243; _builder_version=\u00bb4.25.1&#8243; _module_preset=\u00bbdefault\u00bb global_colors_info=\u00bb{}\u00bb][et_pb_image src=\u00bbhttps:\/\/fundacionportodosmishermanos.org.bo\/wp-content\/uploads\/2026\/03\/6.png\u00bb title_text=\u00bb6&#8243; _builder_version=\u00bb4.27.6&#8243; _module_preset=\u00bbdefault\u00bb custom_margin=\u00bb||||false|false\u00bb border_radii=\u00bbon|30px|30px|30px|30px\u00bb global_colors_info=\u00bb{}\u00bb][\/et_pb_image][\/et_pb_column][et_pb_column type=\u00bb1_2&#8243; _builder_version=\u00bb4.25.1&#8243; _module_preset=\u00bbdefault\u00bb global_colors_info=\u00bb{}\u00bb][et_pb_heading title=\u00bbPersonas Reales. Impacto Real.\u00bb _builder_version=\u00bb4.27.4&#8243; _module_preset=\u00bb07b11a23-13c9-4618-857e-1f21273b9522&#8243; custom_margin=\u00bb||10px||false|false\u00bb global_colors_info=\u00bb{}\u00bb][\/et_pb_heading][et_pb_text _builder_version=\u00bb4.27.6&#8243; _module_preset=\u00bbf1fd8a6a-a85a-4e9b-ab0a-00518acd4928&#8243; text_orientation=\u00bbjustified\u00bb global_colors_info=\u00bb{}\u00bb]<\/p>\n<p data-start=\"2983\" data-end=\"3258\">Nuestro trabajo est\u00e1 guiado por la convicci\u00f3n de que <strong data-start=\"3036\" data-end=\"3097\">toda persona merece recuperar su bienestar y su movilidad<\/strong>, sin importar su condici\u00f3n econ\u00f3mica. Lo vemos cada d\u00eda en las historias de ni\u00f1os, adultos mayores y familias que atendemos en distintas comunidades de Bolivia.<\/p>\n<p data-start=\"3260\" data-end=\"3489\">Muchas veces, sin atenci\u00f3n m\u00e9dica oportuna, una lesi\u00f3n puede impedir estudiar, trabajar o incluso desplazarse. Por eso acompa\u00f1amos a cada paciente con un proceso integral que incluye tratamiento, rehabilitaci\u00f3n y apoyo emocional.<\/p>\n<p>[\/et_pb_text][et_pb_button button_url=\u00bb\/donaciones\u00bb button_text=\u00bbDonar Ahora\u00bb _builder_version=\u00bb4.27.6&#8243; _module_preset=\u00bbd7bcc861-e01c-4a70-8bfc-abb9b0ad1b50&#8243; global_colors_info=\u00bb{}\u00bb][\/et_pb_button][\/et_pb_column][\/et_pb_row][\/et_pb_section]<\/p>\n","protected":false},"excerpt":{"rendered":"<p>Qui\u00e9nes Somos La Fundaci\u00f3n Por Todos Mis Hermanos es una entidad privada, de inter\u00e9s p\u00fablico y sin fines de lucro, creada en Cochabamba el 26 de noviembre de 2025. Nuestra labor est\u00e1 enfocada en promover la salud y el bienestar de personas de escasos recursos que enfrentan enfermedades graves, cr\u00f3nicas o discapacitantes. Nos especializamos en [&hellip;]<\/p>\n","protected":false},"author":1,"featured_media":0,"parent":0,"menu_order":0,"comment_status":"closed","ping_status":"closed","template":"","meta":{"_acf_changed":false,"_et_pb_use_builder":"on","_et_pb_old_content":"<!-- wp:divi\/placeholder \/-->","_et_gb_content_width":"","footnotes":""},"logro":[],"class_list":["post-10","page","type-page","status-publish","hentry"],"acf":[],"_links":{"self":[{"href":"https:\/\/fundacionportodosmishermanos.org.bo\/en\/wp-json\/wp\/v2\/pages\/10","targetHints":{"allow":["GET"]}}],"collection":[{"href":"https:\/\/fundacionportodosmishermanos.org.bo\/en\/wp-json\/wp\/v2\/pages"}],"about":[{"href":"https:\/\/fundacionportodosmishermanos.org.bo\/en\/wp-json\/wp\/v2\/types\/page"}],"author":[{"embeddable":true,"href":"https:\/\/fundacionportodosmishermanos.org.bo\/en\/wp-json\/wp\/v2\/users\/1"}],"replies":[{"embeddable":true,"href":"https:\/\/fundacionportodosmishermanos.org.bo\/en\/wp-json\/wp\/v2\/comments?post=10"}],"version-history":[{"count":17,"href":"https:\/\/fundacionportodosmishermanos.org.bo\/en\/wp-json\/wp\/v2\/pages\/10\/revisions"}],"predecessor-version":[{"id":681,"href":"https:\/\/fundacionportodosmishermanos.org.bo\/en\/wp-json\/wp\/v2\/pages\/10\/revisions\/681"}],"wp:attachment":[{"href":"https:\/\/fundacionportodosmishermanos.org.bo\/en\/wp-json\/wp\/v2\/media?parent=10"}],"wp:term":[{"taxonomy":"logro","embeddable":true,"href":"https:\/\/fundacionportodosmishermanos.org.bo\/en\/wp-json\/wp\/v2\/logro?post=10"}],"curies":[{"name":"wp","href":"https:\/\/api.w.org\/{rel}","templated":true}]}}