{"id":12,"date":"2025-11-21T17:47:21","date_gmt":"2025-11-21T17:47:21","guid":{"rendered":"https:\/\/fundacionportodosmishermanos.org.bo\/?page_id=12"},"modified":"2026-03-26T12:10:45","modified_gmt":"2026-03-26T16:10:45","slug":"servicios-en-salud","status":"publish","type":"page","link":"https:\/\/fundacionportodosmishermanos.org.bo\/en\/servicios-en-salud\/","title":{"rendered":"Health Services"},"content":{"rendered":"<p>[et_pb_section fb_built=\u00bb1&#8243; admin_label=\u00bbHeader\u00bb _builder_version=\u00bb4.27.6&#8243; _module_preset=\u00bb6f605daf-6aa5-479f-b4ca-83a9fd574903&#8243; background_color=\u00bbrgba(0,0,0,0.12)\u00bb use_background_color_gradient=\u00bboff\u00bb background_image=\u00bbhttps:\/\/fundacionportodosmishermanos.org.bo\/wp-content\/uploads\/2025\/11\/non-profit-03.jpg\u00bb da_disable_devices=\u00bboff|off|off\u00bb collapsed=\u00bbon\u00bb global_colors_info=\u00bb{%22gcid-1f1bf5fb-a99d-4acc-8d9e-ddac074c158c%22:%91%22background_color_gradient_stops%22,%22background_color_gradient_stops%22%93,%22gcid-4c79ba3d-a281-4fb6-9b14-02f9a4c793f2%22:%91%22background_color_gradient_stops%22,%22background_color_gradient_stops%22%93,%22gcid-688c464a-d6f2-4296-b592-395352c71c79%22:%91%22background_color_gradient_stops%22,%22background_color_gradient_stops%22%93,%22gcid-d119accd-44d7-4f2f-b9d7-599c8463324b%22:%91%22background_color_gradient_stops%22,%22background_color_gradient_stops%22%93}\u00bb da_is_popup=\u00bboff\u00bb da_exit_intent=\u00bboff\u00bb da_has_close=\u00bbon\u00bb da_alt_close=\u00bboff\u00bb da_dark_close=\u00bboff\u00bb da_not_modal=\u00bbon\u00bb da_is_singular=\u00bboff\u00bb da_with_loader=\u00bboff\u00bb da_has_shadow=\u00bbon\u00bb][et_pb_row _builder_version=\u00bb4.25.1&#8243; _module_preset=\u00bbdefault\u00bb global_colors_info=\u00bb{}\u00bb][et_pb_column type=\u00bb4_4&#8243; _builder_version=\u00bb4.25.1&#8243; _module_preset=\u00bbdefault\u00bb global_colors_info=\u00bb{}\u00bb][et_pb_heading title=\u00bbServicios en Salud\u00bb _builder_version=\u00bb4.27.4&#8243; _module_preset=\u00bb679ea818-569e-4ada-85b0-d4a1988c3104&#8243; title_text_align=\u00bbcenter\u00bb custom_margin=\u00bb||10px||false|false\u00bb global_colors_info=\u00bb{}\u00bb][\/et_pb_heading][et_pb_text _builder_version=\u00bb4.27.6&#8243; _module_preset=\u00bb50c55cf3-0391-4b9f-b7c4-d5f736184b87&#8243; text_text_color=\u00bb#000000&#8243; text_orientation=\u00bbcenter\u00bb global_colors_info=\u00bb{}\u00bb]<\/p>\n<p>Mejorando la vida de pacientes vulnerables a trav\u00e9s de atenci\u00f3n m\u00e9dica, cirug\u00edas solidarias, rehabilitaci\u00f3n y apoyo integral.<\/p>\n<p>[\/et_pb_text][\/et_pb_column][\/et_pb_row][et_pb_row column_structure=\u00bb1_3,1_3,1_3&#8243; make_equal=\u00bbon\u00bb _builder_version=\u00bb4.25.2&#8243; _module_preset=\u00bbdefault\u00bb global_colors_info=\u00bb{}\u00bb][et_pb_column type=\u00bb1_3&#8243; _builder_version=\u00bb4.25.2&#8243; _module_preset=\u00bb0c7f7d1e-a54b-458d-9536-89622fc9bd2c\u00bb global_colors_info=\u00bb{}\u00bb][et_pb_heading title=\u00bbAtenci\u00f3n M\u00e9dica Integral\u00bb _builder_version=\u00bb4.27.4&#8243; _module_preset=\u00bb71cda577-430a-4ff6-96df-b65b71feb716&#8243; title_text_color=\u00bbgcid-1f1b4e15-7cc6-4e13-8154-74d77a956460&#8243; custom_margin=\u00bb||10px||false|false\u00bb global_colors_info=\u00bb{%22gcid-1f1b4e15-7cc6-4e13-8154-74d77a956460%22:%91%22title_text_color%22%93}\u00bb][\/et_pb_heading][et_pb_text _builder_version=\u00bb4.27.6&#8243; _module_preset=\u00bb50c55cf3-0391-4b9f-b7c4-d5f736184b87&#8243; text_text_color=\u00bb#000000&#8243; global_colors_info=\u00bb{}\u00bb]<\/p>\n<p style=\"text-align: center;\">Ofrecemos orientaci\u00f3n, diagn\u00f3stico, apoyo para ex\u00e1menes m\u00e9dicos, gesti\u00f3n de tratamientos y acompa\u00f1amiento durante el proceso de enfermedad.<\/p>\n<p>[\/et_pb_text][\/et_pb_column][et_pb_column type=\u00bb1_3&#8243; _builder_version=\u00bb4.25.2&#8243; _module_preset=\u00bb5aacc36d-e8b2-4871-9f66-83c8d0163e5e\u00bb global_colors_info=\u00bb{%22gcid-4c79ba3d-a281-4fb6-9b14-02f9a4c793f2%22:%91%22background_color%22%93}\u00bb][et_pb_heading title=\u00bbApoyo Psicosocial y Familiar\u00bb _builder_version=\u00bb4.27.4&#8243; _module_preset=\u00bb71cda577-430a-4ff6-96df-b65b71feb716&#8243; title_text_color=\u00bb#FFFFFF\u00bb custom_margin=\u00bb||10px||false|false\u00bb global_colors_info=\u00bb{}\u00bb][\/et_pb_heading][et_pb_text _builder_version=\u00bb4.27.6&#8243; _module_preset=\u00bb6fdfe216-8671-4374-9b53-426a3a55bd02&#8243;]<\/p>\n<p style=\"text-align: justify;\">Acompa\u00f1amos emocionalmente a pacientes y familias mediante sesiones psico-oncol\u00f3gicas, contenci\u00f3n emocional y acompa\u00f1amiento continuo.<\/p>\n<p>[\/et_pb_text][\/et_pb_column][et_pb_column type=\u00bb1_3&#8243; _builder_version=\u00bb4.25.1&#8243; _module_preset=\u00bbdefault\u00bb global_colors_info=\u00bb{}\u00bb][et_pb_image src=\u00bbhttps:\/\/fundacionportodosmishermanos.org.bo\/wp-content\/uploads\/2025\/11\/non-profit-16.jpg\u00bb title_text=\u00bbnon-profit-16&#8243; _builder_version=\u00bb4.25.2&#8243; _module_preset=\u00bbb1fab730-686e-4eba-8057-77aa6833070d\u00bb global_colors_info=\u00bb{}\u00bb][\/et_pb_image][et_pb_button button_url=\u00bb\/donaciones\u00bb button_text=\u00bbDonar\u00bb button_alignment=\u00bbcenter\u00bb _builder_version=\u00bb4.27.6&#8243; _module_preset=\u00bba2f0823b-84f5-4ead-992a-1d624a5e3f18&#8243; custom_css_main_element=\u00bbwidth: 100%\u00bb global_colors_info=\u00bb{}\u00bb][\/et_pb_button][\/et_pb_column][\/et_pb_row][\/et_pb_section][et_pb_section fb_built=\u00bb1&#8243; admin_label=\u00bbOur Mission\u00bb _builder_version=\u00bb4.27.6&#8243; _module_preset=\u00bbf48de297-399c-415b-9d25-fc780d3964a3&#8243; background_color=\u00bb#FFFFFF\u00bb custom_margin=\u00bb||||false\u00bb custom_padding=\u00bb5vw||5vw||true|false\u00bb da_disable_devices=\u00bboff|off|off\u00bb collapsed=\u00bbon\u00bb global_colors_info=\u00bb{%22gcid-1f1bf5fb-a99d-4acc-8d9e-ddac074c158c%22:%91%22background_color_gradient_stops%22%93,%22gcid-a78660e1-cfc7-4771-a566-6834d6a7f06a%22:%91%22background_color_gradient_stops%22%93,%22gcid-24b0db87-dafa-47d9-995f-b90181e18c52%22:%91%22background_color_gradient_stops%22%93}\u00bb da_is_popup=\u00bboff\u00bb da_exit_intent=\u00bboff\u00bb da_has_close=\u00bbon\u00bb da_alt_close=\u00bboff\u00bb da_dark_close=\u00bboff\u00bb da_not_modal=\u00bbon\u00bb da_is_singular=\u00bboff\u00bb da_with_loader=\u00bboff\u00bb da_has_shadow=\u00bbon\u00bb][et_pb_row _builder_version=\u00bb4.25.1&#8243; _module_preset=\u00bbdefault\u00bb max_width=\u00bb900px\u00bb global_colors_info=\u00bb{}\u00bb][et_pb_column type=\u00bb4_4&#8243; _builder_version=\u00bb4.25.1&#8243; _module_preset=\u00bbdefault\u00bb global_colors_info=\u00bb{}\u00bb][et_pb_heading title=\u00bbNuestra misi\u00f3n\u00bb _builder_version=\u00bb4.27.6&#8243; _module_preset=\u00bb0c19eb6a-5f8b-44c8-98b0-34314941da48&#8243; title_text_align=\u00bbcenter\u00bb title_text_color=\u00bb#000000&#8243; title_font_size=\u00bb36px\u00bb global_colors_info=\u00bb{}\u00bb][\/et_pb_heading][et_pb_heading title=\u00bbNuestra labor est\u00e1 centrada en promover el acceso a salud digna para personas de escasos recursos en Cochabamba. Desarrollamos programas de atenci\u00f3n y prevenci\u00f3n para enfermedades complejas, acompa\u00f1amos procesos de tratamiento y fortalecemos a las familias durante los momentos m\u00e1s dif\u00edciles.\u00bb _builder_version=\u00bb4.27.6&#8243; _module_preset=\u00bbe800023c-574f-4483-b4de-a7a929969c92&#8243; title_text_align=\u00bbjustify\u00bb title_text_color=\u00bb#000000&#8243; title_font_size=\u00bb28px\u00bb global_colors_info=\u00bb{}\u00bb][\/et_pb_heading][\/et_pb_column][\/et_pb_row][\/et_pb_section][et_pb_section fb_built=\u00bb1&#8243; admin_label=\u00bbCall to Action\u00bb _builder_version=\u00bb4.25.2&#8243; _module_preset=\u00bbe3c8b672-aee8-44e5-887e-1a8248c197bc\u00bb background_enable_color=\u00bboff\u00bb background_image=\u00bbhttps:\/\/fundacionportodosmishermanos.org.bo\/wp-content\/uploads\/2025\/11\/non-profit-02.jpg\u00bb parallax=\u00bbon\u00bb custom_margin=\u00bb||||false\u00bb custom_padding=\u00bb8vw||8vw||true|false\u00bb da_disable_devices=\u00bboff|off|off\u00bb collapsed=\u00bbon\u00bb da_is_popup=\u00bboff\u00bb da_exit_intent=\u00bboff\u00bb da_has_close=\u00bbon\u00bb da_alt_close=\u00bboff\u00bb da_dark_close=\u00bboff\u00bb da_not_modal=\u00bbon\u00bb da_is_singular=\u00bboff\u00bb da_with_loader=\u00bboff\u00bb da_has_shadow=\u00bbon\u00bb][et_pb_row column_structure=\u00bb1_2,1_2&#8243; _builder_version=\u00bb4.25.2&#8243; _module_preset=\u00bbdefault\u00bb global_colors_info=\u00bb{}\u00bb][et_pb_column type=\u00bb1_2&#8243; _builder_version=\u00bb4.25.2&#8243; _module_preset=\u00bbffcefbe8-1f10-4655-855a-951642a620b9&#8243; global_colors_info=\u00bb{%22gcid-1f1b4e15-7cc6-4e13-8154-74d77a956460%22:%91%22background_color%22%93}\u00bb][et_pb_heading title=\u00bbTu apoyo hace posible cada historia de vida.\u00bb _builder_version=\u00bb4.27.4&#8243; _module_preset=\u00bbe800023c-574f-4483-b4de-a7a929969c92&#8243; title_text_align=\u00bbcenter\u00bb title_text_color=\u00bb#FFFFFF\u00bb custom_margin=\u00bb||10px||false|false\u00bb global_colors_info=\u00bb{}\u00bb][\/et_pb_heading][et_pb_text _builder_version=\u00bb4.27.6&#8243; _module_preset=\u00bb6fdfe216-8671-4374-9b53-426a3a55bd02&#8243; text_orientation=\u00bbjustified\u00bb]<\/p>\n<p>El 100% de los recursos destinados al \u00e1rea de salud contribuyen a tratamientos, medicamentos, ex\u00e1menes, rehabilitaci\u00f3n y cirug\u00edas solidarias.<\/p>\n<p>[\/et_pb_text][et_pb_button button_url=\u00bb\/donaciones\u00bb button_text=\u00bbDonar Ahora\u00bb button_alignment=\u00bbcenter\u00bb _builder_version=\u00bb4.27.6&#8243; _module_preset=\u00bbc531aac0-5960-4e7f-a6d6-f8ae0e0cb1d0&#8243;][\/et_pb_button][\/et_pb_column][et_pb_column type=\u00bb1_2&#8243; _builder_version=\u00bb4.25.1&#8243; _module_preset=\u00bbdefault\u00bb global_colors_info=\u00bb{}\u00bb][\/et_pb_column][\/et_pb_row][\/et_pb_section][et_pb_section fb_built=\u00bb1&#8243; admin_label=\u00bbPrograms\u00bb _builder_version=\u00bb4.25.1&#8243; _module_preset=\u00bbaed0b0dc-0318-44b7-8065-9bc3c33d868c\u00bb da_disable_devices=\u00bboff|off|off\u00bb locked=\u00bboff\u00bb collapsed=\u00bbon\u00bb global_colors_info=\u00bb{}\u00bb da_is_popup=\u00bboff\u00bb da_exit_intent=\u00bboff\u00bb da_has_close=\u00bbon\u00bb da_alt_close=\u00bboff\u00bb da_dark_close=\u00bboff\u00bb da_not_modal=\u00bbon\u00bb da_is_singular=\u00bboff\u00bb da_with_loader=\u00bboff\u00bb da_has_shadow=\u00bbon\u00bb][et_pb_row _builder_version=\u00bb4.25.1&#8243; _module_preset=\u00bbdefault\u00bb global_colors_info=\u00bb{}\u00bb][et_pb_column type=\u00bb4_4&#8243; _builder_version=\u00bb4.25.1&#8243; _module_preset=\u00bbdefault\u00bb global_colors_info=\u00bb{}\u00bb][et_pb_heading title=\u00bbPROYECTOS\u00bb _builder_version=\u00bb4.27.6&#8243; _module_preset=\u00bbf154d1c7-3fac-43ee-8b92-d65f48ff4bc8&#8243; title_text_color=\u00bb#000000&#8243; title_font_size=\u00bb36px\u00bb custom_margin=\u00bb||0px||false|false\u00bb global_colors_info=\u00bb{}\u00bb][\/et_pb_heading][et_pb_heading title=\u00bbProgramas E Iniciativas\u00bb _builder_version=\u00bb4.27.6&#8243; _module_preset=\u00bb61780d25-e911-48fb-883b-5322aae26185&#8243; title_text_color=\u00bb#000000&#8243; title_font_size=\u00bb28px\u00bb global_colors_info=\u00bb{}\u00bb][\/et_pb_heading][\/et_pb_column][\/et_pb_row][et_pb_row column_structure=\u00bb1_3,1_3,1_3&#8243; _builder_version=\u00bb4.27.4&#8243; _module_preset=\u00bbdefault\u00bb global_colors_info=\u00bb{}\u00bb][et_pb_column type=\u00bb1_3&#8243; _builder_version=\u00bb4.25.1&#8243; _module_preset=\u00bbdefault\u00bb global_colors_info=\u00bb{}\u00bb][et_pb_image src=\u00bbhttps:\/\/fundacionportodosmishermanos.org.bo\/wp-content\/uploads\/2026\/03\/k.png\u00bb title_text=\u00bbk\u00bb _builder_version=\u00bb4.27.6&#8243; _module_preset=\u00bb907a3115-bdd5-4c7f-ba81-8ddf33c00b49&#8243; custom_margin=\u00bb||||false|false\u00bb hover_enabled=\u00bb0&#8243; global_colors_info=\u00bb{}\u00bb sticky_enabled=\u00bb0&#8243;][\/et_pb_image][et_pb_heading title=\u00bbGesti\u00f3n de Cirug\u00edas Solidarias\u00bb _builder_version=\u00bb4.27.4&#8243; _module_preset=\u00bbfa6ff535-871e-479f-88b5-60e790743baa\u00bb custom_margin=\u00bb||0px||false|false\u00bb global_colors_info=\u00bb{}\u00bb][\/et_pb_heading][et_pb_text _builder_version=\u00bb4.27.6&#8243; _module_preset=\u00bbcbdfdba8-f9ce-4e62-8655-05b1b4995faf\u00bb custom_margin=\u00bb||10px||false|false\u00bb global_colors_info=\u00bb{}\u00bb]<\/p>\n<p>Brindamos el apoyo para cubrir parcial o totalmente el costo de cirug\u00edas de pacientes en lista de espera que requieren intervenci\u00f3n urgente.<\/p>\n<p>[\/et_pb_text][et_pb_button button_url=\u00bb\/donaciones\u00bb button_text=\u00bbDonar ahora\u00bb _builder_version=\u00bb4.27.6&#8243; _module_preset=\u00bb8fe3a01f-63f6-4418-bda2-186154dfeed0&#8243; global_colors_info=\u00bb{}\u00bb][\/et_pb_button][\/et_pb_column][et_pb_column type=\u00bb1_3&#8243; _builder_version=\u00bb4.25.1&#8243; _module_preset=\u00bbdefault\u00bb global_colors_info=\u00bb{}\u00bb][et_pb_image src=\u00bbhttps:\/\/fundacionportodosmishermanos.org.bo\/wp-content\/uploads\/2026\/03\/78.png\u00bb title_text=\u00bb78&#8243; _builder_version=\u00bb4.27.6&#8243; _module_preset=\u00bb907a3115-bdd5-4c7f-ba81-8ddf33c00b49&#8243; custom_margin=\u00bb||||false|false\u00bb hover_enabled=\u00bb0&#8243; global_colors_info=\u00bb{}\u00bb sticky_enabled=\u00bb0&#8243;][\/et_pb_image][et_pb_heading title=\u00bbApoyo Integral al Paciente Oncol\u00f3gico\u00bb _builder_version=\u00bb4.27.4&#8243; _module_preset=\u00bbfa6ff535-871e-479f-88b5-60e790743baa\u00bb custom_margin=\u00bb||0px||false|false\u00bb global_colors_info=\u00bb{}\u00bb][\/et_pb_heading][et_pb_text _builder_version=\u00bb4.27.4&#8243; _module_preset=\u00bbcbdfdba8-f9ce-4e62-8655-05b1b4995faf\u00bb custom_margin=\u00bb||10px||false|false\u00bb global_colors_info=\u00bb{}\u00bb]<\/p>\n<p>Atenci\u00f3n psico-oncol\u00f3gica, orientaci\u00f3n, informaci\u00f3n accesible, acompa\u00f1amiento familiar y gesti\u00f3n de tratamientos.<\/p>\n<p>[\/et_pb_text][et_pb_button button_url=\u00bb\/donaciones\u00bb button_text=\u00bbDonar ahora\u00bb _builder_version=\u00bb4.27.6&#8243; _module_preset=\u00bb8fe3a01f-63f6-4418-bda2-186154dfeed0&#8243; global_colors_info=\u00bb{}\u00bb][\/et_pb_button][\/et_pb_column][et_pb_column type=\u00bb1_3&#8243; _builder_version=\u00bb4.25.1&#8243; _module_preset=\u00bbdefault\u00bb global_colors_info=\u00bb{}\u00bb][et_pb_image src=\u00bbhttps:\/\/fundacionportodosmishermanos.org.bo\/wp-content\/uploads\/2026\/03\/98.png\u00bb title_text=\u00bb98&#8243; _builder_version=\u00bb4.27.6&#8243; _module_preset=\u00bb907a3115-bdd5-4c7f-ba81-8ddf33c00b49&#8243; custom_margin=\u00bb||||false|false\u00bb hover_enabled=\u00bb0&#8243; global_colors_info=\u00bb{}\u00bb sticky_enabled=\u00bb0&#8243;][\/et_pb_image][et_pb_heading title=\u00bbRehabilitaci\u00f3n y Calidad de Vida\u00bb _builder_version=\u00bb4.27.4&#8243; _module_preset=\u00bbfa6ff535-871e-479f-88b5-60e790743baa\u00bb custom_margin=\u00bb||0px||false|false\u00bb global_colors_info=\u00bb{}\u00bb][\/et_pb_heading][et_pb_text _builder_version=\u00bb4.27.4&#8243; _module_preset=\u00bbcbdfdba8-f9ce-4e62-8655-05b1b4995faf\u00bb custom_margin=\u00bb||10px||false|false\u00bb global_colors_info=\u00bb{}\u00bb]<\/p>\n<p>Fisioterapia, ayudas t\u00e9cnicas, movilidad asistida y apoyo personalizado a personas con discapacidad f\u00edsica.<\/p>\n<p>[\/et_pb_text][et_pb_button button_url=\u00bb\/donaciones\u00bb button_text=\u00bbDonar ahora\u00bb _builder_version=\u00bb4.27.6&#8243; _module_preset=\u00bb8fe3a01f-63f6-4418-bda2-186154dfeed0&#8243; global_colors_info=\u00bb{}\u00bb][\/et_pb_button][\/et_pb_column][\/et_pb_row][\/et_pb_section][et_pb_section fb_built=\u00bb1&#8243; admin_label=\u00bbStats\u00bb _builder_version=\u00bb4.25.2&#8243; _module_preset=\u00bbf48de297-399c-415b-9d25-fc780d3964a3&#8243; da_disable_devices=\u00bboff|off|off\u00bb collapsed=\u00bbon\u00bb global_colors_info=\u00bb{}\u00bb da_is_popup=\u00bboff\u00bb da_exit_intent=\u00bboff\u00bb da_has_close=\u00bbon\u00bb da_alt_close=\u00bboff\u00bb da_dark_close=\u00bboff\u00bb da_not_modal=\u00bbon\u00bb da_is_singular=\u00bboff\u00bb da_with_loader=\u00bboff\u00bb da_has_shadow=\u00bbon\u00bb][et_pb_row _builder_version=\u00bb4.25.1&#8243; _module_preset=\u00bbdefault\u00bb global_colors_info=\u00bb{}\u00bb][et_pb_column type=\u00bb4_4&#8243; _builder_version=\u00bb4.25.1&#8243; _module_preset=\u00bbdefault\u00bb global_colors_info=\u00bb{}\u00bb][et_pb_heading title=\u00bbNuestro impacto en salud\u00bb _builder_version=\u00bb4.27.6&#8243; _module_preset=\u00bb79fe8f61-3be0-4044-a33b-5bc8312feb8d\u00bb title_text_align=\u00bbcenter\u00bb title_text_color=\u00bb#000000&#8243; global_colors_info=\u00bb{}\u00bb][\/et_pb_heading][\/et_pb_column][\/et_pb_row][et_pb_row column_structure=\u00bb1_3,1_3,1_3&#8243; _builder_version=\u00bb4.25.1&#8243; _module_preset=\u00bbdefault\u00bb global_colors_info=\u00bb{}\u00bb][et_pb_column type=\u00bb1_3&#8243; _builder_version=\u00bb4.25.1&#8243; _module_preset=\u00bbdefault\u00bb global_colors_info=\u00bb{}\u00bb][et_pb_number_counter number=\u00bb70&#8243; _builder_version=\u00bb4.27.6&#8243; _module_preset=\u00bb62948c37-abc0-4f28-a847-b6692918c41b\u00bb locked=\u00bboff\u00bb global_colors_info=\u00bb{%22gcid-1f1b4e15-7cc6-4e13-8154-74d77a956460%22:%91%22quote_border_color%22,%22link_text_color%22,%22quote_text_color%22,%22quote_border_color%22,%22link_text_color%22,%22quote_text_color%22%93,%22gcid-d7cd5a78-aaef-4f36-82a3-4d3706015cba%22:%91%22link_text_color%22,%22link_text_color%22%93}\u00bb][\/et_pb_number_counter][et_pb_text _builder_version=\u00bb4.27.6&#8243; _module_preset=\u00bb6fdfe216-8671-4374-9b53-426a3a55bd02&#8243; text_text_color=\u00bb#000000&#8243; text_orientation=\u00bbcenter\u00bb]<\/p>\n<p>70% de pacientes en estado vulnerable reciben apoyo continuo.<\/p>\n<p>[\/et_pb_text][\/et_pb_column][et_pb_column type=\u00bb1_3&#8243; _builder_version=\u00bb4.25.1&#8243; _module_preset=\u00bbdefault\u00bb global_colors_info=\u00bb{}\u00bb][et_pb_number_counter number=\u00bb200+\u00bb percent_sign=\u00bboff\u00bb _builder_version=\u00bb4.27.6&#8243; _module_preset=\u00bb62948c37-abc0-4f28-a847-b6692918c41b\u00bb title_text_color=\u00bb#000000&#8243; locked=\u00bboff\u00bb global_colors_info=\u00bb{%22gcid-1f1b4e15-7cc6-4e13-8154-74d77a956460%22:%91%22quote_border_color%22,%22link_text_color%22,%22quote_text_color%22,%22quote_border_color%22,%22link_text_color%22,%22quote_text_color%22%93}\u00bb][\/et_pb_number_counter][et_pb_text _builder_version=\u00bb4.27.6&#8243; _module_preset=\u00bb6fdfe216-8671-4374-9b53-426a3a55bd02&#8243; text_text_color=\u00bb#000000&#8243; header_text_color=\u00bb#000000&#8243; text_orientation=\u00bbcenter\u00bb]<\/p>\n<p>M\u00e1s de 200 personas beneficiadas en programas m\u00e9dicos y de rehabilitaci\u00f3n.<\/p>\n<p>[\/et_pb_text][\/et_pb_column][et_pb_column type=\u00bb1_3&#8243; _builder_version=\u00bb4.25.1&#8243; _module_preset=\u00bbdefault\u00bb global_colors_info=\u00bb{}\u00bb][et_pb_number_counter number=\u00bb200&#8243; percent_sign=\u00bboff\u00bb _builder_version=\u00bb4.27.6&#8243; _module_preset=\u00bb62948c37-abc0-4f28-a847-b6692918c41b\u00bb locked=\u00bboff\u00bb global_colors_info=\u00bb{%22gcid-1f1b4e15-7cc6-4e13-8154-74d77a956460%22:%91%22quote_border_color%22,%22link_text_color%22,%22quote_text_color%22,%22quote_border_color%22,%22link_text_color%22,%22quote_text_color%22,%22quote_border_color%22,%22link_text_color%22,%22quote_text_color%22%93,%22gcid-d7cd5a78-aaef-4f36-82a3-4d3706015cba%22:%91%22link_text_color%22%93}\u00bb][\/et_pb_number_counter][et_pb_text _builder_version=\u00bb4.27.6&#8243; _module_preset=\u00bb6fdfe216-8671-4374-9b53-426a3a55bd02&#8243; text_text_color=\u00bb#000000&#8243; text_orientation=\u00bbcenter\u00bb]<\/p>\n<p>Campa\u00f1as de cirug\u00edas solidarias realizadas a nivel departamental.<\/p>\n<p>[\/et_pb_text][\/et_pb_column][\/et_pb_row][\/et_pb_section][et_pb_section fb_built=\u00bb1&#8243; admin_label=\u00bbCall to Action\u00bb _builder_version=\u00bb4.27.6&#8243; _module_preset=\u00bbe3c8b672-aee8-44e5-887e-1a8248c197bc\u00bb background_color=\u00bbrgba(0,0,0,0.12)\u00bb use_background_color_gradient=\u00bbon\u00bb background_color_gradient_type=\u00bbcircular\u00bb background_color_gradient_direction_radial=\u00bbtop left\u00bb background_color_gradient_stops=\u00bbgcid-2352d280-fe84-43b1-a71e-f400c35a526a 20%|rgba(255,255,255,0) 100%\u00bb background_color_gradient_overlays_image=\u00bbon\u00bb background_enable_image=\u00bboff\u00bb parallax=\u00bbon\u00bb custom_margin=\u00bb||||false\u00bb custom_padding=\u00bb0vw||0vw||true|false\u00bb da_disable_devices=\u00bboff|off|off\u00bb collapsed=\u00bbon\u00bb global_colors_info=\u00bb{%22gcid-2352d280-fe84-43b1-a71e-f400c35a526a%22:%91%22background_color_gradient_stops%22%93}\u00bb da_is_popup=\u00bboff\u00bb da_exit_intent=\u00bboff\u00bb da_has_close=\u00bbon\u00bb da_alt_close=\u00bboff\u00bb da_dark_close=\u00bboff\u00bb da_not_modal=\u00bbon\u00bb da_is_singular=\u00bboff\u00bb da_with_loader=\u00bboff\u00bb da_has_shadow=\u00bbon\u00bb][et_pb_row _builder_version=\u00bb4.25.2&#8243; _module_preset=\u00bbdefault\u00bb global_colors_info=\u00bb{}\u00bb][et_pb_column type=\u00bb4_4&#8243; _builder_version=\u00bb4.25.1&#8243; _module_preset=\u00bbdefault\u00bb global_colors_info=\u00bb{}\u00bb][et_pb_heading title=\u00bbA trav\u00e9s de nuestros programas, ni\u00f1os, j\u00f3venes, adultos y adultos mayores reciben atenci\u00f3n m\u00e9dica, apoyo emocional y posibilidades reales de recuperar su bienestar. Cada diagn\u00f3stico, cada tratamiento y cada cirug\u00eda representa una nueva oportunidad para seguir adelante.\u00bb _builder_version=\u00bb4.27.6&#8243; _module_preset=\u00bbe800023c-574f-4483-b4de-a7a929969c92&#8243; title_text_align=\u00bbjustify\u00bb title_text_color=\u00bb#000000&#8243; global_colors_info=\u00bb{}\u00bb][\/et_pb_heading][et_pb_button button_text=\u00bbDonar Ahora\u00bb button_alignment=\u00bbcenter\u00bb _builder_version=\u00bb4.27.6&#8243; _module_preset=\u00bba2f0823b-84f5-4ead-992a-1d624a5e3f18&#8243; global_colors_info=\u00bb{}\u00bb][\/et_pb_button][\/et_pb_column][\/et_pb_row][\/et_pb_section][et_pb_section fb_built=\u00bb1&#8243; admin_label=\u00bbCall to Action\u00bb _builder_version=\u00bb4.25.2&#8243; _module_preset=\u00bbfbc71519-4370-4129-ba48-4136548347a4&#8243; custom_margin=\u00bb||||false\u00bb custom_padding=\u00bb5vw||5vw||true|false\u00bb da_disable_devices=\u00bboff|off|off\u00bb locked=\u00bboff\u00bb collapsed=\u00bbon\u00bb global_colors_info=\u00bb{}\u00bb da_is_popup=\u00bboff\u00bb da_exit_intent=\u00bboff\u00bb da_has_close=\u00bbon\u00bb da_alt_close=\u00bboff\u00bb da_dark_close=\u00bboff\u00bb da_not_modal=\u00bbon\u00bb da_is_singular=\u00bboff\u00bb da_with_loader=\u00bboff\u00bb da_has_shadow=\u00bbon\u00bb][et_pb_row _builder_version=\u00bb4.25.2&#8243; _module_preset=\u00bbdefault\u00bb global_colors_info=\u00bb{}\u00bb][et_pb_column type=\u00bb4_4&#8243; _builder_version=\u00bb4.25.1&#8243; _module_preset=\u00bbdefault\u00bb global_colors_info=\u00bb{}\u00bb][et_pb_heading title=\u00bb\u00danete a nuestra causa y ay\u00fadanos a devolver salud, dignidad y esperanza a quienes m\u00e1s lo necesitan en Cochabamba.\u00bb _builder_version=\u00bb4.27.6&#8243; _module_preset=\u00bb79fe8f61-3be0-4044-a33b-5bc8312feb8d\u00bb title_text_align=\u00bbjustify\u00bb global_colors_info=\u00bb{}\u00bb][\/et_pb_heading][et_pb_button button_text=\u00bbQuiero ser voluntario\u00bb button_alignment=\u00bbcenter\u00bb _builder_version=\u00bb4.27.4&#8243; _module_preset=\u00bba2f0823b-84f5-4ead-992a-1d624a5e3f18&#8243; global_colors_info=\u00bb{}\u00bb][\/et_pb_button][\/et_pb_column][\/et_pb_row][\/et_pb_section]<\/p>\n","protected":false},"excerpt":{"rendered":"<p>Mejorando la vida de pacientes vulnerables a trav\u00e9s de atenci\u00f3n m\u00e9dica, cirug\u00edas solidarias, rehabilitaci\u00f3n y apoyo integral.Ofrecemos orientaci\u00f3n, diagn\u00f3stico, apoyo para ex\u00e1menes m\u00e9dicos, gesti\u00f3n de tratamientos y acompa\u00f1amiento durante el proceso de enfermedad.Acompa\u00f1amos emocionalmente a pacientes y familias mediante sesiones psico-oncol\u00f3gicas, contenci\u00f3n emocional y acompa\u00f1amiento continuo.El 100% de los recursos destinados al \u00e1rea de salud [&hellip;]<\/p>\n","protected":false},"author":1,"featured_media":0,"parent":0,"menu_order":0,"comment_status":"closed","ping_status":"closed","template":"","meta":{"_acf_changed":false,"_et_pb_use_builder":"on","_et_pb_old_content":"","_et_gb_content_width":"","footnotes":""},"logro":[],"class_list":["post-12","page","type-page","status-publish","hentry"],"acf":[],"_links":{"self":[{"href":"https:\/\/fundacionportodosmishermanos.org.bo\/en\/wp-json\/wp\/v2\/pages\/12","targetHints":{"allow":["GET"]}}],"collection":[{"href":"https:\/\/fundacionportodosmishermanos.org.bo\/en\/wp-json\/wp\/v2\/pages"}],"about":[{"href":"https:\/\/fundacionportodosmishermanos.org.bo\/en\/wp-json\/wp\/v2\/types\/page"}],"author":[{"embeddable":true,"href":"https:\/\/fundacionportodosmishermanos.org.bo\/en\/wp-json\/wp\/v2\/users\/1"}],"replies":[{"embeddable":true,"href":"https:\/\/fundacionportodosmishermanos.org.bo\/en\/wp-json\/wp\/v2\/comments?post=12"}],"version-history":[{"count":9,"href":"https:\/\/fundacionportodosmishermanos.org.bo\/en\/wp-json\/wp\/v2\/pages\/12\/revisions"}],"predecessor-version":[{"id":679,"href":"https:\/\/fundacionportodosmishermanos.org.bo\/en\/wp-json\/wp\/v2\/pages\/12\/revisions\/679"}],"wp:attachment":[{"href":"https:\/\/fundacionportodosmishermanos.org.bo\/en\/wp-json\/wp\/v2\/media?parent=12"}],"wp:term":[{"taxonomy":"logro","embeddable":true,"href":"https:\/\/fundacionportodosmishermanos.org.bo\/en\/wp-json\/wp\/v2\/logro?post=12"}],"curies":[{"name":"wp","href":"https:\/\/api.w.org\/{rel}","templated":true}]}}