{"id":7,"date":"2025-11-15T14:44:56","date_gmt":"2025-11-15T14:44:56","guid":{"rendered":"https:\/\/fundacionportodosmishermanos.org.bo\/?page_id=7"},"modified":"2026-04-13T11:44:38","modified_gmt":"2026-04-13T15:44:38","slug":"inicio","status":"publish","type":"page","link":"https:\/\/fundacionportodosmishermanos.org.bo\/en\/","title":{"rendered":"Home"},"content":{"rendered":"<p>[et_pb_section fb_built=\u00bb1&#8243; admin_label=\u00bbHeader\u00bb _builder_version=\u00bb4.27.6&#8243; _module_preset=\u00bb5a782bba-8f4e-416c-b3e7-4d1e36ea34a9&#8243; background_color=\u00bbgcid-2352d280-fe84-43b1-a71e-f400c35a526a\u00bb background_color_gradient_stops=\u00bb#124280 0%|#072130 100%\u00bb background_image=\u00bbhttps:\/\/fundacionportodosmishermanos.org.bo\/wp-content\/uploads\/2025\/11\/non-profit-03.jpg\u00bb custom_margin=\u00bb||-1px||false|false\u00bb da_disable_devices=\u00bboff|off|off\u00bb locked=\u00bboff\u00bb collapsed=\u00bbon\u00bb global_colors_info=\u00bb{%22gcid-1f1bf5fb-a99d-4acc-8d9e-ddac074c158c%22:%91%22background_color_gradient_stops%22,%22background_color_gradient_stops%22%93,%22gcid-4c79ba3d-a281-4fb6-9b14-02f9a4c793f2%22:%91%22background_color_gradient_stops%22,%22background_color_gradient_stops%22%93,%22gcid-688c464a-d6f2-4296-b592-395352c71c79%22:%91%22background_color_gradient_stops%22,%22background_color_gradient_stops%22%93,%22gcid-d119accd-44d7-4f2f-b9d7-599c8463324b%22:%91%22background_color_gradient_stops%22,%22background_color_gradient_stops%22%93,%22gcid-2352d280-fe84-43b1-a71e-f400c35a526a%22:%91%22background_color%22%93}\u00bb da_is_popup=\u00bboff\u00bb da_exit_intent=\u00bboff\u00bb da_has_close=\u00bbon\u00bb da_alt_close=\u00bboff\u00bb da_dark_close=\u00bboff\u00bb da_not_modal=\u00bbon\u00bb da_is_singular=\u00bboff\u00bb da_with_loader=\u00bboff\u00bb da_has_shadow=\u00bbon\u00bb][et_pb_row column_structure=\u00bb2_3,1_3&#8243; _builder_version=\u00bb4.25.1&#8243; _module_preset=\u00bbdefault\u00bb global_colors_info=\u00bb{}\u00bb][et_pb_column type=\u00bb2_3&#8243; _builder_version=\u00bb4.25.1&#8243; _module_preset=\u00bbdefault\u00bb global_colors_info=\u00bb{}\u00bb][et_pb_heading title=\u00bbPor Todos Mis Hermanos\u00bb _builder_version=\u00bb4.27.6&#8243; _module_preset=\u00bb7865ed98-f687-40f0-a162-d297b4caff22&#8243; title_text_align=\u00bbleft\u00bb title_text_color=\u00bb#fdc04f\u00bb custom_margin=\u00bb||10px||false|false\u00bb global_colors_info=\u00bb{}\u00bb][\/et_pb_heading][et_pb_text _builder_version=\u00bb4.27.6&#8243; _module_preset=\u00bbcbdfdba8-f9ce-4e62-8655-05b1b4995faf\u00bb text_text_color=\u00bb#FFFFFF\u00bb global_colors_info=\u00bb{}\u00bb]<\/p>\n<p>Salud, apoyo y esperanza para quienes m\u00e1s lo necesitan. Somos una fundaci\u00f3n de Cochabamba, Bolivia comprometida con cambiar vidas.<\/p>\n<p>[\/et_pb_text][et_pb_button button_url=\u00bb\/donaciones\u00bb button_text=\u00bbApoya nuestra misi\u00f3n\u00bb _builder_version=\u00bb4.27.6&#8243; _module_preset=\u00bba4a0602b-1b51-4575-be23-fac734e1bfd8&#8243; locked=\u00bboff\u00bb global_colors_info=\u00bb{}\u00bb][\/et_pb_button][\/et_pb_column][et_pb_column type=\u00bb1_3&#8243; _builder_version=\u00bb4.25.1&#8243; _module_preset=\u00bbdefault\u00bb global_colors_info=\u00bb{}\u00bb][et_pb_image src=\u00bbhttps:\/\/fundacionportodosmishermanos.org.bo\/wp-content\/uploads\/2026\/03\/f.png\u00bb title_text=\u00bbf\u00bb _builder_version=\u00bb4.27.6&#8243; _module_preset=\u00bb907a3115-bdd5-4c7f-ba81-8ddf33c00b49&#8243; locked=\u00bboff\u00bb global_colors_info=\u00bb{}\u00bb][\/et_pb_image][\/et_pb_column][\/et_pb_row][et_pb_row column_structure=\u00bb2_3,1_3&#8243; custom_padding_last_edited=\u00bbon|desktop\u00bb _builder_version=\u00bb4.25.2&#8243; _module_preset=\u00bbdefault\u00bb background_color=\u00bb#FFFFFF\u00bb custom_margin=\u00bb30px||||false|false\u00bb custom_padding=\u00bb40px|40px|40px|40px|true|true\u00bb custom_padding_tablet=\u00bb30px|30px|30px|30px|true|true\u00bb custom_padding_phone=\u00bb20px|20px|20px|20px|true|true\u00bb border_radii=\u00bbon|30px|30px|30px|30px\u00bb global_colors_info=\u00bb{%22gcid-4c79ba3d-a281-4fb6-9b14-02f9a4c793f2%22:%91%22background_color%22%93}\u00bb][et_pb_column type=\u00bb2_3&#8243; _builder_version=\u00bb4.25.2&#8243; _module_preset=\u00bbdefault\u00bb background_enable_color=\u00bboff\u00bb global_colors_info=\u00bb{%22gcid-4c79ba3d-a281-4fb6-9b14-02f9a4c793f2%22:%91%22background_color%22%93}\u00bb][et_pb_heading title=\u00bbFamilias que necesitan atenci\u00f3n urgente\u00bb _builder_version=\u00bb4.27.6&#8243; _module_preset=\u00bbfa6ff535-871e-479f-88b5-60e790743baa\u00bb title_text_color=\u00bb#0C71C3&#8243; custom_margin=\u00bb||0px||false|false\u00bb global_colors_info=\u00bb{}\u00bb][\/et_pb_heading][et_pb_text _builder_version=\u00bb4.27.6&#8243; _module_preset=\u00bbcbdfdba8-f9ce-4e62-8655-05b1b4995faf\u00bb text_text_color=\u00bb#000000&#8243; header_text_color=\u00bb#000000&#8243; width=\u00bb100%\u00bb global_colors_info=\u00bb{}\u00bb]<\/p>\n<p>Ayudamos a personas de bajos recursos que requieren tratamientos, cirug\u00edas, rehabilitaci\u00f3n o acompa\u00f1amiento durante el proceso de su enfermedad.<\/p>\n<p>[\/et_pb_text][\/et_pb_column][et_pb_column type=\u00bb1_3&#8243; _builder_version=\u00bb4.25.2&#8243; _module_preset=\u00bbdefault\u00bb global_colors_info=\u00bb{}\u00bb][et_pb_button button_url=\u00bb\/donaciones\u00bb button_text=\u00bbDonar\u00bb button_alignment=\u00bbright\u00bb button_alignment_tablet=\u00bbleft\u00bb button_alignment_phone=\u00bbleft\u00bb button_alignment_last_edited=\u00bbon|tablet\u00bb _builder_version=\u00bb4.27.6&#8243; _module_preset=\u00bb8fe3a01f-63f6-4418-bda2-186154dfeed0&#8243; button_text_color=\u00bb#FFFFFF\u00bb button_bg_color=\u00bb#fdc04f\u00bb global_colors_info=\u00bb{%22gcid-1f1b4e15-7cc6-4e13-8154-74d77a956460%22:%91%22button_border_color%22,%22button_border_color%22,%22button_border_color%22%93}\u00bb][\/et_pb_button][\/et_pb_column][\/et_pb_row][\/et_pb_section][et_pb_section fb_built=\u00bb1&#8243; admin_label=\u00bbAbout\u00bb _builder_version=\u00bb4.27.6&#8243; _module_preset=\u00bbe5692073-1eed-4f36-bb36-1b22da4c7070&#8243; custom_margin=\u00bb||||false\u00bb custom_padding=\u00bb||||true|false\u00bb da_disable_devices=\u00bboff|off|off\u00bb locked=\u00bboff\u00bb collapsed=\u00bbon\u00bb global_colors_info=\u00bb{%22gcid-2352d280-fe84-43b1-a71e-f400c35a526a%22:%91%22background_color%22%93}\u00bb da_is_popup=\u00bboff\u00bb da_exit_intent=\u00bboff\u00bb da_has_close=\u00bbon\u00bb da_alt_close=\u00bboff\u00bb da_dark_close=\u00bboff\u00bb da_not_modal=\u00bbon\u00bb da_is_singular=\u00bboff\u00bb da_with_loader=\u00bboff\u00bb da_has_shadow=\u00bbon\u00bb][et_pb_row _builder_version=\u00bb4.25.2&#8243; _module_preset=\u00bbdefault\u00bb max_width=\u00bb900px\u00bb global_colors_info=\u00bb{}\u00bb][et_pb_column type=\u00bb4_4&#8243; _builder_version=\u00bb4.25.1&#8243; _module_preset=\u00bbdefault\u00bb global_colors_info=\u00bb{}\u00bb][et_pb_heading title=\u00bbSobre Nosotros\u00bb _builder_version=\u00bb4.27.6&#8243; _module_preset=\u00bbf154d1c7-3fac-43ee-8b92-d65f48ff4bc8&#8243; title_text_align=\u00bbcenter\u00bb title_text_color=\u00bb#000000&#8243; title_font_size=\u00bb36px\u00bb global_colors_info=\u00bb{}\u00bb][\/et_pb_heading][et_pb_heading title=\u00bbLa Fundaci\u00f3n Por Todos Mis Hermanos brinda apoyo en salud a personas de escasos recursos que enfrentan c\u00e1ncer, enfermedades graves o problemas de movilidad. Gestionamos diagn\u00f3sticos, tratamientos, cirug\u00edas y rehabilitaci\u00f3n, adem\u00e1s de ofrecer apoyo emocional y acompa\u00f1amiento familiar. Nuestro compromiso es mejorar la calidad de vida de cada paciente con solidaridad, respeto y esperanza.\u00bb _builder_version=\u00bb4.27.6&#8243; _module_preset=\u00bbef8e0e6b-d5e9-4f27-870b-f38cc901b5b9&#8243; title_text_align=\u00bbjustify\u00bb title_text_color=\u00bb#000000&#8243; title_font_size=\u00bb26px\u00bb global_colors_info=\u00bb{}\u00bb][\/et_pb_heading][\/et_pb_column][\/et_pb_row][\/et_pb_section][et_pb_section fb_built=\u00bb1&#8243; admin_label=\u00bbFeatures &#038; Video\u00bb _builder_version=\u00bb4.27.4&#8243; _module_preset=\u00bbe5692073-1eed-4f36-bb36-1b22da4c7070&#8243; custom_margin=\u00bb||||false\u00bb custom_padding=\u00bb||||true|false\u00bb da_disable_devices=\u00bboff|off|off\u00bb locked=\u00bboff\u00bb collapsed=\u00bbon\u00bb global_colors_info=\u00bb{}\u00bb da_is_popup=\u00bboff\u00bb da_exit_intent=\u00bboff\u00bb da_has_close=\u00bbon\u00bb da_alt_close=\u00bboff\u00bb da_dark_close=\u00bboff\u00bb da_not_modal=\u00bbon\u00bb da_is_singular=\u00bboff\u00bb da_with_loader=\u00bboff\u00bb da_has_shadow=\u00bbon\u00bb][et_pb_row column_structure=\u00bb1_3,1_3,1_3&#8243; use_custom_gutter=\u00bbon\u00bb gutter_width=\u00bb2&#8243; make_equal=\u00bbon\u00bb _builder_version=\u00bb4.27.6&#8243; _module_preset=\u00bbdefault\u00bb locked=\u00bboff\u00bb global_colors_info=\u00bb{}\u00bb][et_pb_column type=\u00bb1_3&#8243; _builder_version=\u00bb4.27.4&#8243; _module_preset=\u00bbdefault\u00bb global_colors_info=\u00bb{}\u00bb][et_pb_blurb title=\u00bbQu\u00e9 Hacemos\u00bb use_icon=\u00bbon\u00bb font_icon=\u00bb&#xf3ee;||fa||400&#8243; icon_color=\u00bb#fdc04f\u00bb _builder_version=\u00bb4.27.6&#8243; _module_preset=\u00bb3193d151-98ff-4f22-ae2f-3e689b9ef311&#8243; header_text_color=\u00bb#000000&#8243; body_text_color=\u00bb#000000&#8243; custom_margin=\u00bb||30px||false|false\u00bb locked=\u00bboff\u00bb global_colors_info=\u00bb{%22gcid-d7cd5a78-aaef-4f36-82a3-4d3706015cba%22:%91%22link_text_color%22,%22link_text_color%22,%22link_text_color%22,%22link_text_color%22,%22link_text_color%22,%22link_text_color%22%93,%22gcid-1f1b4e15-7cc6-4e13-8154-74d77a956460%22:%91%22link_text_color%22,%22quote_text_color%22,%22quote_border_color%22,%22link_text_color%22,%22quote_text_color%22,%22quote_border_color%22,%22link_text_color%22,%22quote_text_color%22,%22quote_border_color%22%93}\u00bb quote_font_size_tablet=\u00bb20px\u00bb quote_font_size_phone=\u00bb16px\u00bb quote_font_size_last_edited=\u00bbon|desktop\u00bb]<\/p>\n<p style=\"text-align: justify;\">Facilitamos diagn\u00f3sticos, terapias, tratamientos y acompa\u00f1amiento para personas con c\u00e1ncer, enfermedades cr\u00f3nicas, discapacidad, o patolog\u00edas musculoesquel\u00e9ticas. Gestionamos apoyos econ\u00f3micos parciales o totales cuando el caso lo requiere.<\/p>\n<p>[\/et_pb_blurb][et_pb_button button_url=\u00bb\/donaciones\u00bb button_text=\u00bbInvol\u00facrate\u00bb button_alignment=\u00bbcenter\u00bb _builder_version=\u00bb4.27.6&#8243; _module_preset=\u00bba4a0602b-1b51-4575-be23-fac734e1bfd8&#8243; custom_css_main_element=\u00bbwidth: 100%\u00bb global_colors_info=\u00bb{}\u00bb][\/et_pb_button][\/et_pb_column][et_pb_column type=\u00bb1_3&#8243; _builder_version=\u00bb4.27.6&#8243; _module_preset=\u00bb8c342ba5-e5dd-422b-b932-e3534875133d\u00bb global_colors_info=\u00bb{}\u00bb][et_pb_icon font_icon=\u00bb&#xf055;||fa||900&#8243; icon_color=\u00bb#FFFFFF\u00bb icon_width=\u00bb50px\u00bb align=\u00bbleft\u00bb _builder_version=\u00bb4.27.4&#8243; _module_preset=\u00bbdefault\u00bb custom_margin=\u00bb||30px||false|false\u00bb global_colors_info=\u00bb{}\u00bb][\/et_pb_icon][et_pb_heading title=\u00bbApoyo Psicosocial y Familiar\u00bb _builder_version=\u00bb4.27.4&#8243; _module_preset=\u00bbfa6ff535-871e-479f-88b5-60e790743baa\u00bb title_text_color=\u00bb#FFFFFF\u00bb custom_margin=\u00bb||10px||false|false\u00bb global_colors_info=\u00bb{}\u00bb][\/et_pb_heading][et_pb_text _builder_version=\u00bb4.27.6&#8243; _module_preset=\u00bb2f37f383-fd8a-435e-ada9-e29aa1421f67&#8243; text_orientation=\u00bbjustified\u00bb]<\/p>\n<p>Acompa\u00f1amos a pacientes y familias durante todo el proceso de enfermedad mediante apoyo psico-oncol\u00f3gico, orientaci\u00f3n emocional y contenci\u00f3n social para enfrentar esta etapa con fuerza y dignidad.<\/p>\n<p>[\/et_pb_text][\/et_pb_column][et_pb_column type=\u00bb1_3&#8243; _builder_version=\u00bb4.27.6&#8243; _module_preset=\u00bbdefault\u00bb background_image=\u00bbhttps:\/\/fundacionportodosmishermanos.org.bo\/wp-content\/uploads\/2026\/03\/b.png\u00bb border_radii=\u00bbon|30px|30px|30px|30px\u00bb global_colors_info=\u00bb{}\u00bb][et_pb_divider show_divider=\u00bboff\u00bb _builder_version=\u00bb4.25.2&#8243; _module_preset=\u00bbdefault\u00bb height_tablet=\u00bb50vw\u00bb height_phone=\u00bb50vw\u00bb height_last_edited=\u00bbon|phone\u00bb global_colors_info=\u00bb{}\u00bb][\/et_pb_divider][\/et_pb_column][\/et_pb_row][et_pb_row _builder_version=\u00bb4.25.1&#8243; _module_preset=\u00bbdefault\u00bb global_colors_info=\u00bb{}\u00bb][et_pb_column type=\u00bb4_4&#8243; _builder_version=\u00bb4.25.1&#8243; _module_preset=\u00bbdefault\u00bb global_colors_info=\u00bb{}\u00bb][et_pb_video src=\u00bbhttps:\/\/fundacionportodosmishermanos.org.bo\/wp-content\/uploads\/2025\/12\/6129932-hd_1920_1080_30fps.mp4&#8243; image_src=\u00bbhttps:\/\/fundacionportodosmishermanos.org.bo\/wp-content\/uploads\/2025\/12\/vista-delantera-del-equipo-de-enfermeras-en-el-hospital-scaled.jpg\u00bb _builder_version=\u00bb4.27.4&#8243; _module_preset=\u00bbaea38149-6c93-45c8-a179-52429f6c0cc9&#8243; global_colors_info=\u00bb{}\u00bb][\/et_pb_video][\/et_pb_column][\/et_pb_row][\/et_pb_section][et_pb_section fb_built=\u00bb1&#8243; admin_label=\u00bbCall to Action\u00bb _builder_version=\u00bb4.27.6&#8243; _module_preset=\u00bbaed0b0dc-0318-44b7-8065-9bc3c33d868c\u00bb background_color=\u00bbgcid-2352d280-fe84-43b1-a71e-f400c35a526a\u00bb background_enable_image=\u00bboff\u00bb parallax=\u00bbon\u00bb custom_padding=\u00bb0vw||0vw||true|false\u00bb background_last_edited=\u00bbon|desktop\u00bb background_size_phone=\u00bbcover\u00bb da_disable_devices=\u00bboff|off|off\u00bb collapsed=\u00bbon\u00bb global_colors_info=\u00bb{%22gcid-2352d280-fe84-43b1-a71e-f400c35a526a%22:%91%22background_color%22,%22background_color_gradient_stops%22%93,%22gcid-1f1bf5fb-a99d-4acc-8d9e-ddac074c158c%22:%91%22background_color_gradient_stops%22%93,%22gcid-4c79ba3d-a281-4fb6-9b14-02f9a4c793f2%22:%91%22background_color_gradient_stops%22%93,%22gcid-688c464a-d6f2-4296-b592-395352c71c79%22:%91%22background_color_gradient_stops%22%93,%22gcid-d119accd-44d7-4f2f-b9d7-599c8463324b%22:%91%22background_color_gradient_stops%22%93,%22gcid-9e22d70d-67ee-4430-bed3-4bc105d4ef1e%22:%91%22background_color_gradient_stops%22%93}\u00bb da_is_popup=\u00bboff\u00bb da_exit_intent=\u00bboff\u00bb da_has_close=\u00bbon\u00bb da_alt_close=\u00bboff\u00bb da_dark_close=\u00bboff\u00bb da_not_modal=\u00bbon\u00bb da_is_singular=\u00bboff\u00bb da_with_loader=\u00bboff\u00bb da_has_shadow=\u00bbon\u00bb][et_pb_row _builder_version=\u00bb4.25.2&#8243; _module_preset=\u00bbdefault\u00bb max_width=\u00bb700px\u00bb global_colors_info=\u00bb{}\u00bb][et_pb_column type=\u00bb4_4&#8243; _builder_version=\u00bb4.25.2&#8243; _module_preset=\u00bbdefault\u00bb global_colors_info=\u00bb{}\u00bb][et_pb_heading title=\u00bbSalud para quienes m\u00e1s lo necesitan\u00bb _builder_version=\u00bb4.27.6&#8243; _module_preset=\u00bb61780d25-e911-48fb-883b-5322aae26185&#8243; title_text_align=\u00bbcenter\u00bb title_text_color=\u00bb#000000&#8243; custom_margin=\u00bb||10px||false|false\u00bb global_colors_info=\u00bb{}\u00bb][\/et_pb_heading][et_pb_text _builder_version=\u00bb4.27.6&#8243; _module_preset=\u00bb2f37f383-fd8a-435e-ada9-e29aa1421f67&#8243; text_text_color=\u00bb#000000&#8243; text_font_size=\u00bb22px\u00bb text_orientation=\u00bbjustified\u00bb]<\/p>\n<p>Gracias al apoyo de voluntarios, donantes, profesionales de salud y aliados institucionales, gestionamos cirug\u00edas gratuitas o con cobertura parcial, promovemos campa\u00f1as de salud y construimos oportunidades para pacientes en situaci\u00f3n de vulnerabilidad.<\/p>\n<p>[\/et_pb_text][et_pb_button button_url=\u00bb\/donaciones\u00bb button_text=\u00bbQuiero involucrarme\u00bb button_alignment=\u00bbcenter\u00bb _builder_version=\u00bb4.27.6&#8243; _module_preset=\u00bb7c8c2bed-cf2d-451b-af64-a86b417b569f\u00bb button_text_color=\u00bb#FFFFFF\u00bb button_bg_color=\u00bb#fdc04f\u00bb][\/et_pb_button][\/et_pb_column][\/et_pb_row][\/et_pb_section][et_pb_section fb_built=\u00bb1&#8243; admin_label=\u00bbPrograms\u00bb _builder_version=\u00bb4.25.1&#8243; _module_preset=\u00bbaed0b0dc-0318-44b7-8065-9bc3c33d868c\u00bb da_disable_devices=\u00bboff|off|off\u00bb locked=\u00bboff\u00bb collapsed=\u00bbon\u00bb da_is_popup=\u00bboff\u00bb da_exit_intent=\u00bboff\u00bb da_has_close=\u00bbon\u00bb da_alt_close=\u00bboff\u00bb da_dark_close=\u00bboff\u00bb da_not_modal=\u00bbon\u00bb da_is_singular=\u00bboff\u00bb da_with_loader=\u00bboff\u00bb da_has_shadow=\u00bbon\u00bb][et_pb_row _builder_version=\u00bb4.25.1&#8243; _module_preset=\u00bbdefault\u00bb global_colors_info=\u00bb{}\u00bb][et_pb_column type=\u00bb4_4&#8243; _builder_version=\u00bb4.25.1&#8243; _module_preset=\u00bbdefault\u00bb global_colors_info=\u00bb{}\u00bb][et_pb_heading title=\u00bbPROYECTOS\u00bb _builder_version=\u00bb4.27.6&#8243; _module_preset=\u00bbf154d1c7-3fac-43ee-8b92-d65f48ff4bc8&#8243; title_text_color=\u00bb#000000&#8243; title_font_size=\u00bb36px\u00bb custom_margin=\u00bb||0px||false|false\u00bb global_colors_info=\u00bb{}\u00bb][\/et_pb_heading][et_pb_heading title=\u00bbProgramas E Iniciativas\u00bb _builder_version=\u00bb4.27.6&#8243; _module_preset=\u00bb61780d25-e911-48fb-883b-5322aae26185&#8243; title_font_size=\u00bb26px\u00bb global_colors_info=\u00bb{}\u00bb][\/et_pb_heading][\/et_pb_column][\/et_pb_row][et_pb_row column_structure=\u00bb1_3,1_3,1_3&#8243; _builder_version=\u00bb4.27.6&#8243; _module_preset=\u00bbdefault\u00bb global_colors_info=\u00bb{}\u00bb][et_pb_column type=\u00bb1_3&#8243; _builder_version=\u00bb4.27.6&#8243; _module_preset=\u00bbdefault\u00bb global_colors_info=\u00bb{}\u00bb][et_pb_image src=\u00bbhttps:\/\/fundacionportodosmishermanos.org.bo\/wp-content\/uploads\/2026\/03\/k.png\u00bb title_text=\u00bbk\u00bb align=\u00bbcenter\u00bb _builder_version=\u00bb4.27.6&#8243; _module_preset=\u00bb907a3115-bdd5-4c7f-ba81-8ddf33c00b49&#8243; custom_margin=\u00bb||||false|false\u00bb global_colors_info=\u00bb{}\u00bb][\/et_pb_image][et_pb_heading title=\u00bbGesti\u00f3n de Cirug\u00edas Solidarias\u00bb _builder_version=\u00bb4.27.6&#8243; _module_preset=\u00bbfa6ff535-871e-479f-88b5-60e790743baa\u00bb title_text_align=\u00bbcenter\u00bb custom_margin=\u00bb||0px||false|false\u00bb global_colors_info=\u00bb{}\u00bb][\/et_pb_heading][et_pb_text _builder_version=\u00bb4.27.6&#8243; _module_preset=\u00bbcbdfdba8-f9ce-4e62-8655-05b1b4995faf\u00bb header_text_align=\u00bbcenter\u00bb text_orientation=\u00bbcenter\u00bb custom_margin=\u00bb||10px||false|false\u00bb global_colors_info=\u00bb{}\u00bb]<\/p>\n<p>Brindamos el apoyo para cubrir parcial o totalmente el costo de cirug\u00edas de pacientes en lista de espera que requieren intervenci\u00f3n urgente.<\/p>\n<p>[\/et_pb_text][et_pb_button button_url=\u00bb\/donaciones\u00bb button_text=\u00bbDonar ahora\u00bb button_alignment=\u00bbcenter\u00bb _builder_version=\u00bb4.27.6&#8243; _module_preset=\u00bb8fe3a01f-63f6-4418-bda2-186154dfeed0&#8243; global_colors_info=\u00bb{}\u00bb][\/et_pb_button][\/et_pb_column][et_pb_column type=\u00bb1_3&#8243; _builder_version=\u00bb4.25.1&#8243; _module_preset=\u00bbdefault\u00bb global_colors_info=\u00bb{}\u00bb][et_pb_image src=\u00bbhttps:\/\/fundacionportodosmishermanos.org.bo\/wp-content\/uploads\/2026\/03\/78.png\u00bb title_text=\u00bb78&#8243; align=\u00bbcenter\u00bb _builder_version=\u00bb4.27.6&#8243; _module_preset=\u00bb907a3115-bdd5-4c7f-ba81-8ddf33c00b49&#8243; custom_margin=\u00bb||||false|false\u00bb global_colors_info=\u00bb{}\u00bb][\/et_pb_image][et_pb_heading title=\u00bbApoyo Integral al Paciente Oncol\u00f3gico\u00bb _builder_version=\u00bb4.27.6&#8243; _module_preset=\u00bbfa6ff535-871e-479f-88b5-60e790743baa\u00bb title_text_align=\u00bbcenter\u00bb custom_margin=\u00bb||0px||false|false\u00bb global_colors_info=\u00bb{}\u00bb][\/et_pb_heading][et_pb_text _builder_version=\u00bb4.27.6&#8243; _module_preset=\u00bbcbdfdba8-f9ce-4e62-8655-05b1b4995faf\u00bb text_orientation=\u00bbcenter\u00bb custom_margin=\u00bb||10px||false|false\u00bb global_colors_info=\u00bb{}\u00bb]<\/p>\n<p>Atenci\u00f3n psico-oncol\u00f3gica, orientaci\u00f3n, informaci\u00f3n accesible, acompa\u00f1amiento familiar y gesti\u00f3n de tratamientos.<\/p>\n<p>[\/et_pb_text][et_pb_button button_url=\u00bb\/donaciones\u00bb button_text=\u00bbDonar ahora\u00bb button_alignment=\u00bbcenter\u00bb _builder_version=\u00bb4.27.6&#8243; _module_preset=\u00bb8fe3a01f-63f6-4418-bda2-186154dfeed0&#8243; global_colors_info=\u00bb{}\u00bb][\/et_pb_button][\/et_pb_column][et_pb_column type=\u00bb1_3&#8243; _builder_version=\u00bb4.25.1&#8243; _module_preset=\u00bbdefault\u00bb global_colors_info=\u00bb{}\u00bb][et_pb_image src=\u00bbhttps:\/\/fundacionportodosmishermanos.org.bo\/wp-content\/uploads\/2026\/03\/98.png\u00bb title_text=\u00bb98&#8243; align=\u00bbcenter\u00bb _builder_version=\u00bb4.27.6&#8243; _module_preset=\u00bb907a3115-bdd5-4c7f-ba81-8ddf33c00b49&#8243; custom_margin=\u00bb||||false|false\u00bb global_colors_info=\u00bb{}\u00bb][\/et_pb_image][et_pb_heading title=\u00bbRehabilitaci\u00f3n y Calidad de Vida\u00bb _builder_version=\u00bb4.27.6&#8243; _module_preset=\u00bbfa6ff535-871e-479f-88b5-60e790743baa\u00bb title_text_align=\u00bbcenter\u00bb custom_margin=\u00bb||0px||false|false\u00bb global_colors_info=\u00bb{}\u00bb][\/et_pb_heading][et_pb_text _builder_version=\u00bb4.27.6&#8243; _module_preset=\u00bbcbdfdba8-f9ce-4e62-8655-05b1b4995faf\u00bb text_orientation=\u00bbcenter\u00bb custom_margin=\u00bb||10px||false|false\u00bb global_colors_info=\u00bb{}\u00bb]<\/p>\n<p>Fisioterapia, ayudas t\u00e9cnicas, movilidad asistida y apoyo personalizado a personas con discapacidad f\u00edsica.<\/p>\n<p>[\/et_pb_text][et_pb_button button_url=\u00bb\/donaciones\u00bb button_text=\u00bbDonar ahora\u00bb button_alignment=\u00bbcenter\u00bb _builder_version=\u00bb4.27.6&#8243; _module_preset=\u00bb8fe3a01f-63f6-4418-bda2-186154dfeed0&#8243; global_colors_info=\u00bb{}\u00bb][\/et_pb_button][\/et_pb_column][\/et_pb_row][\/et_pb_section][et_pb_section fb_built=\u00bb1&#8243; admin_label=\u00bbCall to Action\u00bb _builder_version=\u00bb4.27.6&#8243; _module_preset=\u00bba24c7fc4-43b5-4b3e-b1eb-f10e82a29092&#8243; da_disable_devices=\u00bboff|off|off\u00bb locked=\u00bboff\u00bb collapsed=\u00bbon\u00bb global_colors_info=\u00bb{%22gcid-24b0db87-dafa-47d9-995f-b90181e18c52%22:%91%22background_color%22%93}\u00bb da_is_popup=\u00bboff\u00bb da_exit_intent=\u00bboff\u00bb da_has_close=\u00bbon\u00bb da_alt_close=\u00bboff\u00bb da_dark_close=\u00bboff\u00bb da_not_modal=\u00bbon\u00bb da_is_singular=\u00bboff\u00bb da_with_loader=\u00bboff\u00bb da_has_shadow=\u00bbon\u00bb][et_pb_row _builder_version=\u00bb4.25.2&#8243; _module_preset=\u00bbdefault\u00bb global_colors_info=\u00bb{}\u00bb][et_pb_column type=\u00bb4_4&#8243; _builder_version=\u00bb4.25.1&#8243; _module_preset=\u00bbdefault\u00bb global_colors_info=\u00bb{}\u00bb][et_pb_heading title=\u00bb\u00danete a nuestra causa y ay\u00fadanos a devolver salud, dignidad y esperanza a quienes m\u00e1s lo necesitan en Cochabamba.\u00bb _builder_version=\u00bb4.27.6&#8243; _module_preset=\u00bb61780d25-e911-48fb-883b-5322aae26185&#8243; title_text_align=\u00bbjustify\u00bb global_colors_info=\u00bb{}\u00bb][\/et_pb_heading][et_pb_button button_text=\u00bbQuiero ser voluntario\u00bb button_alignment=\u00bbcenter\u00bb _builder_version=\u00bb4.27.4&#8243; _module_preset=\u00bba4a0602b-1b51-4575-be23-fac734e1bfd8&#8243; global_colors_info=\u00bb{}\u00bb][\/et_pb_button][\/et_pb_column][\/et_pb_row][\/et_pb_section]<\/p>\n","protected":false},"excerpt":{"rendered":"<p>Salud, apoyo y esperanza para quienes m\u00e1s lo necesitan. Somos una fundaci\u00f3n de Cochabamba, Bolivia comprometida con cambiar vidas.Ayudamos a personas de bajos recursos que requieren tratamientos, cirug\u00edas, rehabilitaci\u00f3n o acompa\u00f1amiento durante el proceso de su enfermedad.Facilitamos diagn\u00f3sticos, terapias, tratamientos y acompa\u00f1amiento para personas con c\u00e1ncer, enfermedades cr\u00f3nicas, discapacidad, o patolog\u00edas musculoesquel\u00e9ticas. Gestionamos apoyos econ\u00f3micos [&hellip;]<\/p>\n","protected":false},"author":1,"featured_media":0,"parent":0,"menu_order":0,"comment_status":"closed","ping_status":"closed","template":"","meta":{"_acf_changed":false,"_et_pb_use_builder":"on","_et_pb_old_content":"","_et_gb_content_width":"","footnotes":""},"logro":[],"class_list":["post-7","page","type-page","status-publish","hentry"],"acf":[],"_links":{"self":[{"href":"https:\/\/fundacionportodosmishermanos.org.bo\/en\/wp-json\/wp\/v2\/pages\/7","targetHints":{"allow":["GET"]}}],"collection":[{"href":"https:\/\/fundacionportodosmishermanos.org.bo\/en\/wp-json\/wp\/v2\/pages"}],"about":[{"href":"https:\/\/fundacionportodosmishermanos.org.bo\/en\/wp-json\/wp\/v2\/types\/page"}],"author":[{"embeddable":true,"href":"https:\/\/fundacionportodosmishermanos.org.bo\/en\/wp-json\/wp\/v2\/users\/1"}],"replies":[{"embeddable":true,"href":"https:\/\/fundacionportodosmishermanos.org.bo\/en\/wp-json\/wp\/v2\/comments?post=7"}],"version-history":[{"count":38,"href":"https:\/\/fundacionportodosmishermanos.org.bo\/en\/wp-json\/wp\/v2\/pages\/7\/revisions"}],"predecessor-version":[{"id":708,"href":"https:\/\/fundacionportodosmishermanos.org.bo\/en\/wp-json\/wp\/v2\/pages\/7\/revisions\/708"}],"wp:attachment":[{"href":"https:\/\/fundacionportodosmishermanos.org.bo\/en\/wp-json\/wp\/v2\/media?parent=7"}],"wp:term":[{"taxonomy":"logro","embeddable":true,"href":"https:\/\/fundacionportodosmishermanos.org.bo\/en\/wp-json\/wp\/v2\/logro?post=7"}],"curies":[{"name":"wp","href":"https:\/\/api.w.org\/{rel}","templated":true}]}}